{"id":8,"date":"2017-12-03T22:32:02","date_gmt":"2017-12-03T21:32:02","guid":{"rendered":"http:\/\/heikerosenau.de\/?page_id=8"},"modified":"2023-05-01T13:18:39","modified_gmt":"2023-05-01T11:18:39","slug":"bilder","status":"publish","type":"page","link":"http:\/\/heikerosenau.de\/index.php\/bilder\/","title":{"rendered":"Bilder"},"content":{"rendered":"<div style=\"width: 1000px;\">\n<div id=\"metaslider-id-18\" style=\"max-width: 700px; margin: 0 auto;\" class=\"ml-slider-3-108-0 metaslider metaslider-flex metaslider-18 ml-slider ms-theme-default nav-hidden\" role=\"region\" aria-label=\"New Slideshow\" data-height=\"534\" data-width=\"700\">\n    <div id=\"metaslider_container_18\">\n        <div id=\"metaslider_18\" class=\"flexslider\">\n            <ul class='slides'>\n                <li style=\"display: block; width: 100%;\" class=\"slide-38 ms-image \" aria-roledescription=\"slide\" data-date=\"2017-12-03 22:52:54\" data-filename=\"001fliese.jpg\" data-slide-type=\"image\"><img width=\"940\" height=\"627\" src=\"http:\/\/heikerosenau.de\/wp-content\/uploads\/001fliese.jpg\" class=\"slider-18 slide-38 msDefaultImage\" alt=\"\" decoding=\"async\" loading=\"lazy\" rel=\"\" title=\"\" srcset=\"http:\/\/heikerosenau.de\/wp-content\/uploads\/001fliese.jpg 940w, http:\/\/heikerosenau.de\/wp-content\/uploads\/001fliese-768x512.jpg 768w\" sizes=\"(max-width: 940px) 100vw, 940px\" style=\"width:100%;height:66.7%;max-width:940px;\" \/><\/li>\n                <li style=\"display: none; width: 100%;\" class=\"slide-36 ms-image \" aria-roledescription=\"slide\" data-date=\"2017-12-03 22:52:54\" data-filename=\"003tuer.jpg\" data-slide-type=\"image\"><img width=\"940\" height=\"627\" src=\"http:\/\/heikerosenau.de\/wp-content\/uploads\/003tuer.jpg\" class=\"slider-18 slide-36 msDefaultImage\" alt=\"\" decoding=\"async\" loading=\"lazy\" rel=\"\" title=\"\" srcset=\"http:\/\/heikerosenau.de\/wp-content\/uploads\/003tuer.jpg 940w, http:\/\/heikerosenau.de\/wp-content\/uploads\/003tuer-768x512.jpg 768w\" sizes=\"(max-width: 940px) 100vw, 940px\" style=\"width:100%;height:66.7%;max-width:940px;\" \/><\/li>\n                <li style=\"display: none; width: 100%;\" class=\"slide-279 ms-image \" aria-roledescription=\"slide\" data-date=\"2020-08-10 08:01:15\" data-filename=\"HP1A2659.jpg\" data-slide-type=\"image\"><img width=\"3840\" height=\"2560\" src=\"http:\/\/heikerosenau.de\/wp-content\/uploads\/HP1A2659.jpg\" class=\"slider-18 slide-279 msDefaultImage\" alt=\"\" decoding=\"async\" loading=\"lazy\" rel=\"\" title=\"\" srcset=\"http:\/\/heikerosenau.de\/wp-content\/uploads\/HP1A2659.jpg 3840w, http:\/\/heikerosenau.de\/wp-content\/uploads\/HP1A2659-1100x733.jpg 1100w, http:\/\/heikerosenau.de\/wp-content\/uploads\/HP1A2659-768x512.jpg 768w\" sizes=\"(max-width: 3840px) 100vw, 3840px\" style=\"width:100%;height:66.67%;max-width:3840px;\" \/><\/li>\n                <li style=\"display: none; width: 100%;\" class=\"slide-280 ms-image \" aria-roledescription=\"slide\" data-date=\"2020-08-10 08:01:15\" data-filename=\"HP1A2790.jpg\" data-slide-type=\"image\"><img width=\"3840\" height=\"2560\" src=\"http:\/\/heikerosenau.de\/wp-content\/uploads\/HP1A2790.jpg\" class=\"slider-18 slide-280 msDefaultImage\" alt=\"\" decoding=\"async\" loading=\"lazy\" rel=\"\" title=\"\" srcset=\"http:\/\/heikerosenau.de\/wp-content\/uploads\/HP1A2790.jpg 3840w, http:\/\/heikerosenau.de\/wp-content\/uploads\/HP1A2790-1100x733.jpg 1100w, http:\/\/heikerosenau.de\/wp-content\/uploads\/HP1A2790-768x512.jpg 768w\" sizes=\"(max-width: 3840px) 100vw, 3840px\" style=\"width:100%;height:66.67%;max-width:3840px;\" \/><\/li>\n                <li style=\"display: none; width: 100%;\" class=\"slide-37 ms-image \" aria-roledescription=\"slide\" data-date=\"2017-12-03 22:52:54\" data-filename=\"002tuer_pick.jpg\" data-slide-type=\"image\"><img width=\"940\" height=\"627\" src=\"http:\/\/heikerosenau.de\/wp-content\/uploads\/002tuer_pick.jpg\" class=\"slider-18 slide-37 msDefaultImage\" alt=\"\" decoding=\"async\" loading=\"lazy\" rel=\"\" title=\"\" srcset=\"http:\/\/heikerosenau.de\/wp-content\/uploads\/002tuer_pick.jpg 940w, http:\/\/heikerosenau.de\/wp-content\/uploads\/002tuer_pick-768x512.jpg 768w\" sizes=\"(max-width: 940px) 100vw, 940px\" style=\"width:100%;height:66.7%;max-width:940px;\" \/><\/li>\n                <li style=\"display: none; width: 100%;\" class=\"slide-29 ms-image \" aria-roledescription=\"slide\" data-date=\"2017-12-03 22:52:54\" data-filename=\"009klinke.jpg\" data-slide-type=\"image\"><img width=\"940\" height=\"627\" src=\"http:\/\/heikerosenau.de\/wp-content\/uploads\/009klinke.jpg\" class=\"slider-18 slide-29 msDefaultImage\" alt=\"\" decoding=\"async\" loading=\"lazy\" rel=\"\" title=\"\" srcset=\"http:\/\/heikerosenau.de\/wp-content\/uploads\/009klinke.jpg 940w, http:\/\/heikerosenau.de\/wp-content\/uploads\/009klinke-768x512.jpg 768w\" sizes=\"(max-width: 940px) 100vw, 940px\" style=\"width:100%;height:66.7%;max-width:940px;\" \/><\/li>\n                <li style=\"display: none; width: 100%;\" class=\"slide-33 ms-image \" aria-roledescription=\"slide\" data-date=\"2017-12-03 22:52:54\" data-filename=\"005bad.jpg\" data-slide-type=\"image\"><img width=\"940\" height=\"627\" src=\"http:\/\/heikerosenau.de\/wp-content\/uploads\/005bad.jpg\" class=\"slider-18 slide-33 msDefaultImage\" alt=\"\" decoding=\"async\" loading=\"lazy\" rel=\"\" title=\"\" srcset=\"http:\/\/heikerosenau.de\/wp-content\/uploads\/005bad.jpg 940w, http:\/\/heikerosenau.de\/wp-content\/uploads\/005bad-768x512.jpg 768w\" sizes=\"(max-width: 940px) 100vw, 940px\" style=\"width:100%;height:66.7%;max-width:940px;\" \/><\/li>\n                <li style=\"display: none; width: 100%;\" class=\"slide-31 ms-image \" aria-roledescription=\"slide\" data-date=\"2017-12-03 22:52:54\" data-filename=\"006waschbecken2.jpg\" data-slide-type=\"image\"><img width=\"940\" height=\"627\" src=\"http:\/\/heikerosenau.de\/wp-content\/uploads\/006waschbecken2.jpg\" class=\"slider-18 slide-31 msDefaultImage\" alt=\"\" decoding=\"async\" loading=\"lazy\" rel=\"\" title=\"\" srcset=\"http:\/\/heikerosenau.de\/wp-content\/uploads\/006waschbecken2.jpg 940w, http:\/\/heikerosenau.de\/wp-content\/uploads\/006waschbecken2-768x512.jpg 768w\" sizes=\"(max-width: 940px) 100vw, 940px\" style=\"width:100%;height:66.7%;max-width:940px;\" \/><\/li>\n            <\/ul>\n        <\/div>\n        \n    <\/div>\n<\/div><\/p>\n<p>&nbsp;<\/p>\n<p>Die Ferienwohnung befindet sich im Erdgeschoss des ehemaligen Reichspostamtes von 1880 in zentraler, ruhiger Lage direkt zwischen der Wunderblutkirche und dem Thermalbad. Mit Lehmwandheizung, Jugendstil- und Zementfliesen, historischem Eichenparkett, Klavier und Doppelfl\u00fcgelt\u00fcren.<\/p>\n<p>Am Anfang hatten wir die Idee, R\u00e4ume zu gestalten, die etwas von der Geschichte und der Gegenwart des Hauses erz\u00e4hlen und in denen sich jeder zu Hause f\u00fchlen kann. F\u00fcr die nachhaltige Sanierung mit nat\u00fcrlichen Materialien wie Holz, Lehm, Kaseinfarben sowie f\u00fcr den behutsamen Umgang mit dem Bestand <a href=\"http:\/\/heikerosenau.de\/index.php\/preis-baukultur-2019\/\" target=\"_blank\" rel=\"noopener\">erhielt die Ferienwohnung im Rahmen des Wettbewerbs Baukultur 2019 den Baukulturpreis<\/a>.<\/p>\n<\/div>\n","protected":false},"excerpt":{"rendered":"<p>&nbsp; Die Ferienwohnung befindet sich im Erdgeschoss des ehemaligen Reichspostamtes von 1880 in zentraler, ruhiger Lage direkt zwischen der Wunderblutkirche und dem Thermalbad. Mit Lehmwandheizung, Jugendstil- und Zementfliesen, historischem Eichenparkett, Klavier und Doppelfl\u00fcgelt\u00fcren. Am Anfang hatten wir die Idee, R\u00e4ume zu gestalten, die etwas von der Geschichte und der Gegenwart des Hauses erz\u00e4hlen und in&hellip; <a class=\"more-link\" href=\"http:\/\/heikerosenau.de\/index.php\/bilder\/\"><span class=\"screen-reader-text\">Bilder<\/span> weiterlesen<\/a><\/p>\n","protected":false},"author":1,"featured_media":0,"parent":0,"menu_order":10,"comment_status":"closed","ping_status":"closed","template":"","meta":[],"_links":{"self":[{"href":"http:\/\/heikerosenau.de\/index.php\/wp-json\/wp\/v2\/pages\/8"}],"collection":[{"href":"http:\/\/heikerosenau.de\/index.php\/wp-json\/wp\/v2\/pages"}],"about":[{"href":"http:\/\/heikerosenau.de\/index.php\/wp-json\/wp\/v2\/types\/page"}],"author":[{"embeddable":true,"href":"http:\/\/heikerosenau.de\/index.php\/wp-json\/wp\/v2\/users\/1"}],"replies":[{"embeddable":true,"href":"http:\/\/heikerosenau.de\/index.php\/wp-json\/wp\/v2\/comments?post=8"}],"version-history":[{"count":22,"href":"http:\/\/heikerosenau.de\/index.php\/wp-json\/wp\/v2\/pages\/8\/revisions"}],"predecessor-version":[{"id":300,"href":"http:\/\/heikerosenau.de\/index.php\/wp-json\/wp\/v2\/pages\/8\/revisions\/300"}],"wp:attachment":[{"href":"http:\/\/heikerosenau.de\/index.php\/wp-json\/wp\/v2\/media?parent=8"}],"curies":[{"name":"wp","href":"https:\/\/api.w.org\/{rel}","templated":true}]}}